{"id":6460,"date":"2020-06-25T12:56:19","date_gmt":"2020-06-25T10:56:19","guid":{"rendered":"http:\/\/www.lecontinental.net\/?page_id=6460"},"modified":"2020-12-01T10:19:34","modified_gmt":"2020-12-01T09:19:34","slug":"servicios-y-precios-zona-de-relax-spa","status":"publish","type":"page","link":"https:\/\/www.lecontinental.net\/es\/servicios-y-precios-zona-de-relax-spa\/","title":{"rendered":"Servicios y precios zona de relax spa"},"content":{"rendered":"\t\t<div data-elementor-type=\"wp-page\" data-elementor-id=\"6460\" class=\"elementor elementor-6460 elementor-181\" data-elementor-post-type=\"page\">\n\t\t\t\t\t\t<section class=\"elementor-section elementor-top-section elementor-element elementor-element-5aac391 elementor-section-stretched elementor-section-full_width elementor-section-height-default elementor-section-height-default\" data-id=\"5aac391\" data-element_type=\"section\" data-e-type=\"section\" data-settings=\"{&quot;stretch_section&quot;:&quot;section-stretched&quot;,&quot;background_background&quot;:&quot;classic&quot;}\">\n\t\t\t\t\t\t\t<div class=\"elementor-background-overlay\"><\/div>\n\t\t\t\t\t\t\t<div class=\"elementor-container elementor-column-gap-default\">\n\t\t\t\t\t<div class=\"elementor-column elementor-col-100 elementor-top-column elementor-element elementor-element-bdb3794\" data-id=\"bdb3794\" data-element_type=\"column\" data-e-type=\"column\">\n\t\t\t<div class=\"elementor-widget-wrap elementor-element-populated\">\n\t\t\t\t\t\t<div class=\"elementor-element elementor-element-b843e6b elementor-widget elementor-widget-spacer\" data-id=\"b843e6b\" data-element_type=\"widget\" data-e-type=\"widget\" data-widget_type=\"spacer.default\">\n\t\t\t\t<div class=\"elementor-widget-container\">\n\t\t\t\t\t\t\t<div class=\"elementor-spacer\">\n\t\t\t<div class=\"elementor-spacer-inner\"><\/div>\n\t\t<\/div>\n\t\t\t\t\t\t<\/div>\n\t\t\t\t<\/div>\n\t\t\t\t<section class=\"elementor-section elementor-inner-section elementor-element elementor-element-b79ad55 elementor-section-boxed elementor-section-height-default elementor-section-height-default\" data-id=\"b79ad55\" data-element_type=\"section\" data-e-type=\"section\">\n\t\t\t\t\t\t<div class=\"elementor-container elementor-column-gap-default\">\n\t\t\t\t\t<div class=\"elementor-column elementor-col-100 elementor-inner-column elementor-element elementor-element-81595ca\" data-id=\"81595ca\" data-element_type=\"column\" data-e-type=\"column\">\n\t\t\t<div class=\"elementor-widget-wrap elementor-element-populated\">\n\t\t\t\t\t\t<div class=\"elementor-element elementor-element-b2d679e elementor-widget__width-initial elementor-widget elementor-widget-heading\" data-id=\"b2d679e\" data-element_type=\"widget\" data-e-type=\"widget\" data-widget_type=\"heading.default\">\n\t\t\t\t<div class=\"elementor-widget-container\">\n\t\t\t\t\t<h2 class=\"elementor-heading-title elementor-size-default\">Ofrecemos los servicios de una esteticista que vendr\u00e1 a cuidarte en nuestro hotel.<\/h2>\t\t\t\t<\/div>\n\t\t\t\t<\/div>\n\t\t\t\t<div class=\"elementor-element elementor-element-d526427 elementor-widget elementor-widget-spacer\" data-id=\"d526427\" data-element_type=\"widget\" data-e-type=\"widget\" data-widget_type=\"spacer.default\">\n\t\t\t\t<div class=\"elementor-widget-container\">\n\t\t\t\t\t\t\t<div class=\"elementor-spacer\">\n\t\t\t<div class=\"elementor-spacer-inner\"><\/div>\n\t\t<\/div>\n\t\t\t\t\t\t<\/div>\n\t\t\t\t<\/div>\n\t\t\t\t<div class=\"elementor-element elementor-element-c06f945 elementor-widget elementor-widget-heading\" data-id=\"c06f945\" data-element_type=\"widget\" data-e-type=\"widget\" data-widget_type=\"heading.default\">\n\t\t\t\t<div class=\"elementor-widget-container\">\n\t\t\t\t\t<h4 class=\"elementor-heading-title elementor-size-default\">Aqu\u00ed hay algunos ejemplos de lo que puede lograr.<\/h4>\t\t\t\t<\/div>\n\t\t\t\t<\/div>\n\t\t\t\t<div class=\"elementor-element elementor-element-8080614 elementor-widget elementor-widget-spacer\" data-id=\"8080614\" data-element_type=\"widget\" data-e-type=\"widget\" data-widget_type=\"spacer.default\">\n\t\t\t\t<div class=\"elementor-widget-container\">\n\t\t\t\t\t\t\t<div class=\"elementor-spacer\">\n\t\t\t<div class=\"elementor-spacer-inner\"><\/div>\n\t\t<\/div>\n\t\t\t\t\t\t<\/div>\n\t\t\t\t<\/div>\n\t\t\t\t\t<\/div>\n\t\t<\/div>\n\t\t\t\t\t<\/div>\n\t\t<\/section>\n\t\t\t\t<section class=\"elementor-section elementor-inner-section elementor-element elementor-element-afc53c7 elementor-section-boxed elementor-section-height-default elementor-section-height-default\" data-id=\"afc53c7\" data-element_type=\"section\" data-e-type=\"section\">\n\t\t\t\t\t\t<div class=\"elementor-container elementor-column-gap-default\">\n\t\t\t\t\t<div class=\"elementor-column elementor-col-100 elementor-inner-column elementor-element elementor-element-d1cbd2e\" data-id=\"d1cbd2e\" data-element_type=\"column\" data-e-type=\"column\">\n\t\t\t<div class=\"elementor-widget-wrap elementor-element-populated\">\n\t\t\t\t\t\t<div class=\"elementor-element elementor-element-c2e3783 elementor-widget elementor-widget-text-editor\" data-id=\"c2e3783\" data-element_type=\"widget\" data-e-type=\"widget\" data-widget_type=\"text-editor.default\">\n\t\t\t\t<div class=\"elementor-widget-container\">\n\t\t\t\t\t\t\t\t\t<p> Relajaci\u00f3n del cuerpo y la mente: <\/p>\n<ul style = \"list-style-type: disc; list-style-position: inside;\">\n<li> <span class = \"color-03032B \"> Masaje corporal sueco (1h): <\/span> masaje corporal completo con efectos relajantes y energizantes. Libera tensiones nerviosas y musculares. 68 \u20ac <\/li>\n<li> <span class = \"color-03032B\"> Masaje relajante (30min): <\/span> masaje de espalda o masaje de piernas y pies. 48 \u20ac <\/li>\n<li> <span class = \"color-03032B\"> Tratamiento corporal \u00abExfoliante corporal completo\u00bb (30min): <\/span> con sales marinas y aceites esenciales de lim\u00f3n. 55 \u20ac <\/li>\n<\/ul>\n\t\t\t\t\t\t\t\t<\/div>\n\t\t\t\t<\/div>\n\t\t\t\t<div class=\"elementor-element elementor-element-8444a38 elementor-widget elementor-widget-spacer\" data-id=\"8444a38\" data-element_type=\"widget\" data-e-type=\"widget\" data-widget_type=\"spacer.default\">\n\t\t\t\t<div class=\"elementor-widget-container\">\n\t\t\t\t\t\t\t<div class=\"elementor-spacer\">\n\t\t\t<div class=\"elementor-spacer-inner\"><\/div>\n\t\t<\/div>\n\t\t\t\t\t\t<\/div>\n\t\t\t\t<\/div>\n\t\t\t\t<div class=\"elementor-element elementor-element-19a370c elementor-widget elementor-widget-text-editor\" data-id=\"19a370c\" data-element_type=\"widget\" data-e-type=\"widget\" data-widget_type=\"text-editor.default\">\n\t\t\t\t<div class=\"elementor-widget-container\">\n\t\t\t\t\t\t\t\t\t<p> Belleza facial: <\/p>\n<ul style = \"list-style-type: disc; list-style-position: inside;\">\n<li> <span class = \"color-03032B\"> Cuidado facial &#8216; Coup d&#8217;Eclat Marin &#8216;(1h): <\/span> Alisador y remineralizante, especialmente indicado para pieles cansadas y sin brillo. 65 \u20ac <\/li>\n<\/ul>\n<p> Todos los tratamientos ofrecidos se llevan a cabo con t\u00e9cnicas &#8216;gen\u00e9ticas&#8217; y productos compuestos de plantas, vitaminas, oligoelementos y aceites nobles, 100% naturales, que \u00a1hace posible responder a los casos est\u00e9ticos desde los m\u00e1s simples hasta los m\u00e1s complejos! <\/p>\n<p> La l\u00ednea de productos Gern\u00e9tics est\u00e1 a la venta en el spa. <\/p>\n<p> Puede consultar todos los servicios ofrecidos en el recepci\u00f3n del Hotel Continental. Recuerde tener cuidado al llamar cuando reserve su estad\u00eda. <\/p>\n\t\t\t\t\t\t\t\t<\/div>\n\t\t\t\t<\/div>\n\t\t\t\t<div class=\"elementor-element elementor-element-a4a2693 elementor-widget elementor-widget-spacer\" data-id=\"a4a2693\" data-element_type=\"widget\" data-e-type=\"widget\" data-widget_type=\"spacer.default\">\n\t\t\t\t<div class=\"elementor-widget-container\">\n\t\t\t\t\t\t\t<div class=\"elementor-spacer\">\n\t\t\t<div class=\"elementor-spacer-inner\"><\/div>\n\t\t<\/div>\n\t\t\t\t\t\t<\/div>\n\t\t\t\t<\/div>\n\t\t\t\t\t<\/div>\n\t\t<\/div>\n\t\t\t\t\t<\/div>\n\t\t<\/section>\n\t\t\t\t<section class=\"elementor-section elementor-inner-section elementor-element elementor-element-5d61285 elementor-section-boxed elementor-section-height-default elementor-section-height-default\" data-id=\"5d61285\" data-element_type=\"section\" data-e-type=\"section\">\n\t\t\t\t\t\t<div class=\"elementor-container elementor-column-gap-default\">\n\t\t\t\t\t<div class=\"elementor-column elementor-col-100 elementor-inner-column elementor-element elementor-element-1569142\" data-id=\"1569142\" data-element_type=\"column\" data-e-type=\"column\">\n\t\t\t<div class=\"elementor-widget-wrap elementor-element-populated\">\n\t\t\t\t\t\t<div class=\"elementor-element elementor-element-163fc6b elementor-widget elementor-widget-heading\" data-id=\"163fc6b\" data-element_type=\"widget\" data-e-type=\"widget\" data-widget_type=\"heading.default\">\n\t\t\t\t<div class=\"elementor-widget-container\">\n\t\t\t\t\t<h3 class=\"elementor-heading-title elementor-size-default\">Un \u00e1rea de bienestar!<\/h3>\t\t\t\t<\/div>\n\t\t\t\t<\/div>\n\t\t\t\t<div class=\"elementor-element elementor-element-087c909 elementor-widget elementor-widget-spacer\" data-id=\"087c909\" data-element_type=\"widget\" data-e-type=\"widget\" data-widget_type=\"spacer.default\">\n\t\t\t\t<div class=\"elementor-widget-container\">\n\t\t\t\t\t\t\t<div class=\"elementor-spacer\">\n\t\t\t<div class=\"elementor-spacer-inner\"><\/div>\n\t\t<\/div>\n\t\t\t\t\t\t<\/div>\n\t\t\t\t<\/div>\n\t\t\t\t<div class=\"elementor-element elementor-element-3c60c06 elementor-widget elementor-widget-text-editor\" data-id=\"3c60c06\" data-element_type=\"widget\" data-e-type=\"widget\" data-widget_type=\"text-editor.default\">\n\t\t\t\t<div class=\"elementor-widget-container\">\n\t\t\t\t\t\t\t\t\t<p> \u00c1rea de bienestar con piscina de chorros, sauna. <\/p>\n<p> <span class = \"color-03032B\"> Acceso al cliente del hotel: <\/span> 8 \u20ac <\/p>\n<p > <span class = \"color-03032B\"> Acceso de clientes externos: <\/span> 10 \u20ac <\/p>\n<p> <span class = \"color-03032B\"> Tarjetas para 10 sesiones: <\/span> 78 \u20ac <\/p>\n<p> <span class = \"color-03032B\"> Mes: <\/span> 57 \u20ac <\/p>\n<p> <span class = \"color-03032B\"> Trimestre: <\/span> 155 \u20ac <\/p>\n<p> <span class = \"color-03032B\"> Semestre: <\/span> 290 \u20ac <\/p>\n<p> <span class = \"color-03032B\"> A\u00f1o: <\/span> 560 \u20ac <\/p>\n\t\t\t\t\t\t\t\t<\/div>\n\t\t\t\t<\/div>\n\t\t\t\t<div class=\"elementor-element elementor-element-a896fe3 elementor-widget elementor-widget-spacer\" data-id=\"a896fe3\" data-element_type=\"widget\" data-e-type=\"widget\" data-widget_type=\"spacer.default\">\n\t\t\t\t<div class=\"elementor-widget-container\">\n\t\t\t\t\t\t\t<div class=\"elementor-spacer\">\n\t\t\t<div class=\"elementor-spacer-inner\"><\/div>\n\t\t<\/div>\n\t\t\t\t\t\t<\/div>\n\t\t\t\t<\/div>\n\t\t\t\t\t<\/div>\n\t\t<\/div>\n\t\t\t\t\t<\/div>\n\t\t<\/section>\n\t\t\t\t\t<\/div>\n\t\t<\/div>\n\t\t\t\t\t<\/div>\n\t\t<\/section>\n\t\t\t\t<\/div>\n\t\t","protected":false},"excerpt":{"rendered":"<p>Ofrecemos los servicios de una esteticista que vendr\u00e1 a cuidarte en nuestro hotel. Aqu\u00ed hay algunos ejemplos de lo que puede lograr. Relajaci\u00f3n del cuerpo y<span class=\"excerpt-hellip\"> [\u2026]<\/span><\/p>\n","protected":false},"author":3,"featured_media":5308,"parent":0,"menu_order":0,"comment_status":"closed","ping_status":"closed","template":"elementor_header_footer","meta":{"footnotes":""},"class_list":["post-6460","page","type-page","status-publish","has-post-thumbnail","hentry"],"yoast_head":"<!-- This site is optimized with the Yoast SEO plugin v27.0 - https:\/\/yoast.com\/product\/yoast-seo-wordpress\/ -->\n<title>Servicios y precios zona de relax spa - H\u00f4tel restaurant Le Continental<\/title>\n<meta name=\"robots\" content=\"index, follow, max-snippet:-1, max-image-preview:large, max-video-preview:-1\" \/>\n<link rel=\"canonical\" href=\"https:\/\/www.lecontinental.net\/es\/servicios-y-precios-zona-de-relax-spa\/\" \/>\n<meta property=\"og:locale\" content=\"es_ES\" \/>\n<meta property=\"og:type\" content=\"article\" \/>\n<meta property=\"og:title\" content=\"Servicios y precios zona de relax spa - H\u00f4tel restaurant Le Continental\" \/>\n<meta property=\"og:description\" content=\"Ofrecemos los servicios de una esteticista que vendr\u00e1 a cuidarte en nuestro hotel. Aqu\u00ed hay algunos ejemplos de lo que puede lograr. Relajaci\u00f3n del cuerpo y [\u2026]\" \/>\n<meta property=\"og:url\" content=\"https:\/\/www.lecontinental.net\/es\/servicios-y-precios-zona-de-relax-spa\/\" \/>\n<meta property=\"og:site_name\" content=\"H\u00f4tel restaurant Le Continental\" \/>\n<meta property=\"article:modified_time\" content=\"2020-12-01T09:19:34+00:00\" \/>\n<meta property=\"og:image\" content=\"https:\/\/www.lecontinental.net\/wp-content\/uploads\/2020\/06\/detente.jpg\" \/>\n\t<meta property=\"og:image:width\" content=\"1024\" \/>\n\t<meta property=\"og:image:height\" content=\"683\" \/>\n\t<meta property=\"og:image:type\" content=\"image\/jpeg\" \/>\n<meta name=\"twitter:card\" content=\"summary_large_image\" \/>\n<meta name=\"twitter:label1\" content=\"Tiempo de lectura\" \/>\n\t<meta name=\"twitter:data1\" content=\"1 minuto\" \/>\n<script type=\"application\/ld+json\" class=\"yoast-schema-graph\">{\"@context\":\"https:\/\/schema.org\",\"@graph\":[{\"@type\":\"WebPage\",\"@id\":\"https:\/\/www.lecontinental.net\/es\/servicios-y-precios-zona-de-relax-spa\/\",\"url\":\"https:\/\/www.lecontinental.net\/es\/servicios-y-precios-zona-de-relax-spa\/\",\"name\":\"Servicios y precios zona de relax spa - H\u00f4tel restaurant Le Continental\",\"isPartOf\":{\"@id\":\"https:\/\/www.lecontinental.net\/es\/#website\"},\"primaryImageOfPage\":{\"@id\":\"https:\/\/www.lecontinental.net\/es\/servicios-y-precios-zona-de-relax-spa\/#primaryimage\"},\"image\":{\"@id\":\"https:\/\/www.lecontinental.net\/es\/servicios-y-precios-zona-de-relax-spa\/#primaryimage\"},\"thumbnailUrl\":\"https:\/\/www.lecontinental.net\/wp-content\/uploads\/2020\/06\/detente.jpg\",\"datePublished\":\"2020-06-25T10:56:19+00:00\",\"dateModified\":\"2020-12-01T09:19:34+00:00\",\"breadcrumb\":{\"@id\":\"https:\/\/www.lecontinental.net\/es\/servicios-y-precios-zona-de-relax-spa\/#breadcrumb\"},\"inLanguage\":\"es\",\"potentialAction\":[{\"@type\":\"ReadAction\",\"target\":[\"https:\/\/www.lecontinental.net\/es\/servicios-y-precios-zona-de-relax-spa\/\"]}]},{\"@type\":\"ImageObject\",\"inLanguage\":\"es\",\"@id\":\"https:\/\/www.lecontinental.net\/es\/servicios-y-precios-zona-de-relax-spa\/#primaryimage\",\"url\":\"https:\/\/www.lecontinental.net\/wp-content\/uploads\/2020\/06\/detente.jpg\",\"contentUrl\":\"https:\/\/www.lecontinental.net\/wp-content\/uploads\/2020\/06\/detente.jpg\",\"width\":1024,\"height\":683},{\"@type\":\"BreadcrumbList\",\"@id\":\"https:\/\/www.lecontinental.net\/es\/servicios-y-precios-zona-de-relax-spa\/#breadcrumb\",\"itemListElement\":[{\"@type\":\"ListItem\",\"position\":1,\"name\":\"Accueil\",\"item\":\"https:\/\/www.lecontinental.net\/es\/\"},{\"@type\":\"ListItem\",\"position\":2,\"name\":\"Servicios y precios zona de relax spa\"}]},{\"@type\":\"WebSite\",\"@id\":\"https:\/\/www.lecontinental.net\/es\/#website\",\"url\":\"https:\/\/www.lecontinental.net\/es\/\",\"name\":\"H\u00f4tel restaurant Le Continental\",\"description\":\"Hotel restaurant Condom Gers\",\"publisher\":{\"@id\":\"https:\/\/www.lecontinental.net\/es\/#organization\"},\"potentialAction\":[{\"@type\":\"SearchAction\",\"target\":{\"@type\":\"EntryPoint\",\"urlTemplate\":\"https:\/\/www.lecontinental.net\/es\/?s={search_term_string}\"},\"query-input\":{\"@type\":\"PropertyValueSpecification\",\"valueRequired\":true,\"valueName\":\"search_term_string\"}}],\"inLanguage\":\"es\"},{\"@type\":\"Organization\",\"@id\":\"https:\/\/www.lecontinental.net\/es\/#organization\",\"name\":\"H\u00f4tel restaurant Le Continental\",\"url\":\"https:\/\/www.lecontinental.net\/es\/\",\"logo\":{\"@type\":\"ImageObject\",\"inLanguage\":\"es\",\"@id\":\"https:\/\/www.lecontinental.net\/es\/#\/schema\/logo\/image\/\",\"url\":\"https:\/\/www.lecontinental.net\/wp-content\/uploads\/2020\/05\/cropped-logo-white-185x120-1.png\",\"contentUrl\":\"https:\/\/www.lecontinental.net\/wp-content\/uploads\/2020\/05\/cropped-logo-white-185x120-1.png\",\"width\":185,\"height\":120,\"caption\":\"H\u00f4tel restaurant Le Continental\"},\"image\":{\"@id\":\"https:\/\/www.lecontinental.net\/es\/#\/schema\/logo\/image\/\"}}]}<\/script>\n<!-- \/ Yoast SEO plugin. -->","yoast_head_json":{"title":"Servicios y precios zona de relax spa - H\u00f4tel restaurant Le Continental","robots":{"index":"index","follow":"follow","max-snippet":"max-snippet:-1","max-image-preview":"max-image-preview:large","max-video-preview":"max-video-preview:-1"},"canonical":"https:\/\/www.lecontinental.net\/es\/servicios-y-precios-zona-de-relax-spa\/","og_locale":"es_ES","og_type":"article","og_title":"Servicios y precios zona de relax spa - H\u00f4tel restaurant Le Continental","og_description":"Ofrecemos los servicios de una esteticista que vendr\u00e1 a cuidarte en nuestro hotel. Aqu\u00ed hay algunos ejemplos de lo que puede lograr. Relajaci\u00f3n del cuerpo y [\u2026]","og_url":"https:\/\/www.lecontinental.net\/es\/servicios-y-precios-zona-de-relax-spa\/","og_site_name":"H\u00f4tel restaurant Le Continental","article_modified_time":"2020-12-01T09:19:34+00:00","og_image":[{"width":1024,"height":683,"url":"https:\/\/www.lecontinental.net\/wp-content\/uploads\/2020\/06\/detente.jpg","type":"image\/jpeg"}],"twitter_card":"summary_large_image","twitter_misc":{"Tiempo de lectura":"1 minuto"},"schema":{"@context":"https:\/\/schema.org","@graph":[{"@type":"WebPage","@id":"https:\/\/www.lecontinental.net\/es\/servicios-y-precios-zona-de-relax-spa\/","url":"https:\/\/www.lecontinental.net\/es\/servicios-y-precios-zona-de-relax-spa\/","name":"Servicios y precios zona de relax spa - H\u00f4tel restaurant Le Continental","isPartOf":{"@id":"https:\/\/www.lecontinental.net\/es\/#website"},"primaryImageOfPage":{"@id":"https:\/\/www.lecontinental.net\/es\/servicios-y-precios-zona-de-relax-spa\/#primaryimage"},"image":{"@id":"https:\/\/www.lecontinental.net\/es\/servicios-y-precios-zona-de-relax-spa\/#primaryimage"},"thumbnailUrl":"https:\/\/www.lecontinental.net\/wp-content\/uploads\/2020\/06\/detente.jpg","datePublished":"2020-06-25T10:56:19+00:00","dateModified":"2020-12-01T09:19:34+00:00","breadcrumb":{"@id":"https:\/\/www.lecontinental.net\/es\/servicios-y-precios-zona-de-relax-spa\/#breadcrumb"},"inLanguage":"es","potentialAction":[{"@type":"ReadAction","target":["https:\/\/www.lecontinental.net\/es\/servicios-y-precios-zona-de-relax-spa\/"]}]},{"@type":"ImageObject","inLanguage":"es","@id":"https:\/\/www.lecontinental.net\/es\/servicios-y-precios-zona-de-relax-spa\/#primaryimage","url":"https:\/\/www.lecontinental.net\/wp-content\/uploads\/2020\/06\/detente.jpg","contentUrl":"https:\/\/www.lecontinental.net\/wp-content\/uploads\/2020\/06\/detente.jpg","width":1024,"height":683},{"@type":"BreadcrumbList","@id":"https:\/\/www.lecontinental.net\/es\/servicios-y-precios-zona-de-relax-spa\/#breadcrumb","itemListElement":[{"@type":"ListItem","position":1,"name":"Accueil","item":"https:\/\/www.lecontinental.net\/es\/"},{"@type":"ListItem","position":2,"name":"Servicios y precios zona de relax spa"}]},{"@type":"WebSite","@id":"https:\/\/www.lecontinental.net\/es\/#website","url":"https:\/\/www.lecontinental.net\/es\/","name":"H\u00f4tel restaurant Le Continental","description":"Hotel restaurant Condom Gers","publisher":{"@id":"https:\/\/www.lecontinental.net\/es\/#organization"},"potentialAction":[{"@type":"SearchAction","target":{"@type":"EntryPoint","urlTemplate":"https:\/\/www.lecontinental.net\/es\/?s={search_term_string}"},"query-input":{"@type":"PropertyValueSpecification","valueRequired":true,"valueName":"search_term_string"}}],"inLanguage":"es"},{"@type":"Organization","@id":"https:\/\/www.lecontinental.net\/es\/#organization","name":"H\u00f4tel restaurant Le Continental","url":"https:\/\/www.lecontinental.net\/es\/","logo":{"@type":"ImageObject","inLanguage":"es","@id":"https:\/\/www.lecontinental.net\/es\/#\/schema\/logo\/image\/","url":"https:\/\/www.lecontinental.net\/wp-content\/uploads\/2020\/05\/cropped-logo-white-185x120-1.png","contentUrl":"https:\/\/www.lecontinental.net\/wp-content\/uploads\/2020\/05\/cropped-logo-white-185x120-1.png","width":185,"height":120,"caption":"H\u00f4tel restaurant Le Continental"},"image":{"@id":"https:\/\/www.lecontinental.net\/es\/#\/schema\/logo\/image\/"}}]}},"_links":{"self":[{"href":"https:\/\/www.lecontinental.net\/es\/wp-json\/wp\/v2\/pages\/6460","targetHints":{"allow":["GET"]}}],"collection":[{"href":"https:\/\/www.lecontinental.net\/es\/wp-json\/wp\/v2\/pages"}],"about":[{"href":"https:\/\/www.lecontinental.net\/es\/wp-json\/wp\/v2\/types\/page"}],"author":[{"embeddable":true,"href":"https:\/\/www.lecontinental.net\/es\/wp-json\/wp\/v2\/users\/3"}],"replies":[{"embeddable":true,"href":"https:\/\/www.lecontinental.net\/es\/wp-json\/wp\/v2\/comments?post=6460"}],"version-history":[{"count":9,"href":"https:\/\/www.lecontinental.net\/es\/wp-json\/wp\/v2\/pages\/6460\/revisions"}],"predecessor-version":[{"id":7242,"href":"https:\/\/www.lecontinental.net\/es\/wp-json\/wp\/v2\/pages\/6460\/revisions\/7242"}],"wp:featuredmedia":[{"embeddable":true,"href":"https:\/\/www.lecontinental.net\/es\/wp-json\/wp\/v2\/media\/5308"}],"wp:attachment":[{"href":"https:\/\/www.lecontinental.net\/es\/wp-json\/wp\/v2\/media?parent=6460"}],"curies":[{"name":"wp","href":"https:\/\/api.w.org\/{rel}","templated":true}]}}