{"id":5949,"date":"2020-06-23T17:19:16","date_gmt":"2020-06-23T15:19:16","guid":{"rendered":"http:\/\/www.lecontinental.net\/?page_id=5949"},"modified":"2020-10-27T14:46:20","modified_gmt":"2020-10-27T13:46:20","slug":"condiciones-generales","status":"publish","type":"page","link":"https:\/\/www.lecontinental.net\/es\/condiciones-generales\/","title":{"rendered":"Condiciones generales"},"content":{"rendered":"\t\t<div data-elementor-type=\"wp-page\" data-elementor-id=\"5949\" class=\"elementor elementor-5949 elementor-442\" data-elementor-post-type=\"page\">\n\t\t\t\t\t\t<section class=\"elementor-section elementor-top-section elementor-element elementor-element-514c880 elementor-section-stretched elementor-section-full_width elementor-section-height-default elementor-section-height-default\" data-id=\"514c880\" data-element_type=\"section\" data-e-type=\"section\" data-settings=\"{&quot;background_background&quot;:&quot;classic&quot;,&quot;stretch_section&quot;:&quot;section-stretched&quot;}\">\n\t\t\t\t\t\t\t<div class=\"elementor-background-overlay\"><\/div>\n\t\t\t\t\t\t\t<div class=\"elementor-container elementor-column-gap-default\">\n\t\t\t\t\t<div class=\"elementor-column elementor-col-100 elementor-top-column elementor-element elementor-element-6fb5b29\" data-id=\"6fb5b29\" data-element_type=\"column\" data-e-type=\"column\">\n\t\t\t<div class=\"elementor-widget-wrap elementor-element-populated\">\n\t\t\t\t\t\t<div class=\"elementor-element elementor-element-5a57079 elementor-widget elementor-widget-spacer\" data-id=\"5a57079\" data-element_type=\"widget\" data-e-type=\"widget\" data-widget_type=\"spacer.default\">\n\t\t\t\t<div class=\"elementor-widget-container\">\n\t\t\t\t\t\t\t<div class=\"elementor-spacer\">\n\t\t\t<div class=\"elementor-spacer-inner\"><\/div>\n\t\t<\/div>\n\t\t\t\t\t\t<\/div>\n\t\t\t\t<\/div>\n\t\t\t\t<section class=\"elementor-section elementor-inner-section elementor-element elementor-element-eccf9a7 elementor-section-boxed elementor-section-height-default elementor-section-height-default\" data-id=\"eccf9a7\" data-element_type=\"section\" data-e-type=\"section\">\n\t\t\t\t\t\t<div class=\"elementor-container elementor-column-gap-default\">\n\t\t\t\t\t<div class=\"elementor-column elementor-col-100 elementor-inner-column elementor-element elementor-element-37bb7ed\" data-id=\"37bb7ed\" data-element_type=\"column\" data-e-type=\"column\">\n\t\t\t<div class=\"elementor-widget-wrap elementor-element-populated\">\n\t\t\t\t\t\t<div class=\"elementor-element elementor-element-29d0e83 elementor-widget elementor-widget-heading\" data-id=\"29d0e83\" data-element_type=\"widget\" data-e-type=\"widget\" data-widget_type=\"heading.default\">\n\t\t\t\t<div class=\"elementor-widget-container\">\n\t\t\t\t\t<h2 class=\"elementor-heading-title elementor-size-default\">Estaremos encantados de darle la bienvenida y le explicamos a continuaci\u00f3n las normas de funcionamiento del hotel para la comodidad y satisfacci\u00f3n de todos.<\/h2>\t\t\t\t<\/div>\n\t\t\t\t<\/div>\n\t\t\t\t<div class=\"elementor-element elementor-element-50f6384 elementor-widget elementor-widget-spacer\" data-id=\"50f6384\" data-element_type=\"widget\" data-e-type=\"widget\" data-widget_type=\"spacer.default\">\n\t\t\t\t<div class=\"elementor-widget-container\">\n\t\t\t\t\t\t\t<div class=\"elementor-spacer\">\n\t\t\t<div class=\"elementor-spacer-inner\"><\/div>\n\t\t<\/div>\n\t\t\t\t\t\t<\/div>\n\t\t\t\t<\/div>\n\t\t\t\t<div class=\"elementor-element elementor-element-4431fc7 elementor-widget elementor-widget-text-editor\" data-id=\"4431fc7\" data-element_type=\"widget\" data-e-type=\"widget\" data-widget_type=\"text-editor.default\">\n\t\t\t\t<div class=\"elementor-widget-container\">\n\t\t\t\t\t\t\t\t\t<ul>\n<li>Las habitaciones reservadas est\u00e1n disponibles desde las 11 a.m. hasta la misma hora del d\u00eda siguiente. <\/li>\n<li>Los desayunos se sirven entre las 7 a.m. y las 9:30 a.m. toda la semana y entre las 7:30 a.m. y las 10 a.m. los s\u00e1bados y domingos. <\/li>\n<li>Las reservas de habitaciones est\u00e1n sujetas al pago de un dep\u00f3sito (50% o 30% para un grupo). Estos dep\u00f3sitos se reembolsar\u00e1n si la cancelaci\u00f3n se produce dentro de los 30 d\u00edas anteriores a la fecha de inicio de la reserva, pero permanecer\u00e1n adquiridos en el hotel si la cancelaci\u00f3n se produce entre 8 y 30 d\u00edas antes de la fecha. Cualquier cancelaci\u00f3n recibida menos de 8 d\u00edas antes de la fecha da como resultado que la facturaci\u00f3n del servicio sea pagadera. <\/li>\n<li>El restaurante est\u00e1 disponible entre las 12 p.m. y las 2 p.m. para el almuerzo y entre las 7:30 p.m. y las 9:30 p.m. para la cena. Cuando las comidas se cancelan el mismo d\u00eda en que deber\u00edan haberse servido, deben pagarse. <\/li>\n<li>Para beneficiarse de la tarifa grupal para los men\u00fas, la elecci\u00f3n del men\u00fa debe ser id\u00e9ntica para todo el grupo. <\/li>\n<li>Nuestro restaurante est\u00e1 abierto todos los d\u00edas con excepciones.<\/li>\n<li>Una opci\u00f3n de media pensi\u00f3n es posible para reservas individuales, desde tres noches consecutivas y con opci\u00f3n para men\u00fas gourmet.<\/li>\n<\/ul>\n\t\t\t\t\t\t\t\t<\/div>\n\t\t\t\t<\/div>\n\t\t\t\t\t<\/div>\n\t\t<\/div>\n\t\t\t\t\t<\/div>\n\t\t<\/section>\n\t\t\t\t<div class=\"elementor-element elementor-element-66a8dce elementor-widget elementor-widget-spacer\" data-id=\"66a8dce\" data-element_type=\"widget\" data-e-type=\"widget\" data-widget_type=\"spacer.default\">\n\t\t\t\t<div class=\"elementor-widget-container\">\n\t\t\t\t\t\t\t<div class=\"elementor-spacer\">\n\t\t\t<div class=\"elementor-spacer-inner\"><\/div>\n\t\t<\/div>\n\t\t\t\t\t\t<\/div>\n\t\t\t\t<\/div>\n\t\t\t\t\t<\/div>\n\t\t<\/div>\n\t\t\t\t\t<\/div>\n\t\t<\/section>\n\t\t\t\t<\/div>\n\t\t","protected":false},"excerpt":{"rendered":"<p>Estaremos encantados de darle la bienvenida y le explicamos a continuaci\u00f3n las normas de funcionamiento del hotel para la comodidad y satisfacci\u00f3n de todos. Las habitaciones<span class=\"excerpt-hellip\"> [\u2026]<\/span><\/p>\n","protected":false},"author":3,"featured_media":5358,"parent":0,"menu_order":0,"comment_status":"closed","ping_status":"closed","template":"elementor_header_footer","meta":{"footnotes":""},"class_list":["post-5949","page","type-page","status-publish","has-post-thumbnail","hentry"],"yoast_head":"<!-- This site is optimized with the Yoast SEO plugin v27.0 - https:\/\/yoast.com\/product\/yoast-seo-wordpress\/ -->\n<title>Condiciones generales - H\u00f4tel restaurant Le Continental<\/title>\n<meta name=\"robots\" content=\"index, follow, max-snippet:-1, max-image-preview:large, max-video-preview:-1\" \/>\n<link rel=\"canonical\" href=\"https:\/\/www.lecontinental.net\/es\/condiciones-generales\/\" \/>\n<meta property=\"og:locale\" content=\"es_ES\" \/>\n<meta property=\"og:type\" content=\"article\" \/>\n<meta property=\"og:title\" content=\"Condiciones generales - H\u00f4tel restaurant Le Continental\" \/>\n<meta property=\"og:description\" content=\"Estaremos encantados de darle la bienvenida y le explicamos a continuaci\u00f3n las normas de funcionamiento del hotel para la comodidad y satisfacci\u00f3n de todos. Las habitaciones [\u2026]\" \/>\n<meta property=\"og:url\" content=\"https:\/\/www.lecontinental.net\/es\/condiciones-generales\/\" \/>\n<meta property=\"og:site_name\" content=\"H\u00f4tel restaurant Le Continental\" \/>\n<meta property=\"article:modified_time\" content=\"2020-10-27T13:46:20+00:00\" \/>\n<meta property=\"og:image\" content=\"https:\/\/www.lecontinental.net\/wp-content\/uploads\/2020\/06\/infralist-com-UOiNcIb6IWQ-unsplash-2000x1125-1.jpg\" \/>\n\t<meta property=\"og:image:width\" content=\"2000\" \/>\n\t<meta property=\"og:image:height\" content=\"1125\" \/>\n\t<meta property=\"og:image:type\" content=\"image\/jpeg\" \/>\n<meta name=\"twitter:card\" content=\"summary_large_image\" \/>\n<meta name=\"twitter:label1\" content=\"Tiempo de lectura\" \/>\n\t<meta name=\"twitter:data1\" content=\"1 minuto\" \/>\n<script type=\"application\/ld+json\" class=\"yoast-schema-graph\">{\"@context\":\"https:\/\/schema.org\",\"@graph\":[{\"@type\":\"WebPage\",\"@id\":\"https:\/\/www.lecontinental.net\/es\/condiciones-generales\/\",\"url\":\"https:\/\/www.lecontinental.net\/es\/condiciones-generales\/\",\"name\":\"Condiciones generales - H\u00f4tel restaurant Le Continental\",\"isPartOf\":{\"@id\":\"https:\/\/www.lecontinental.net\/es\/#website\"},\"primaryImageOfPage\":{\"@id\":\"https:\/\/www.lecontinental.net\/es\/condiciones-generales\/#primaryimage\"},\"image\":{\"@id\":\"https:\/\/www.lecontinental.net\/es\/condiciones-generales\/#primaryimage\"},\"thumbnailUrl\":\"https:\/\/www.lecontinental.net\/wp-content\/uploads\/2020\/06\/infralist-com-UOiNcIb6IWQ-unsplash-2000x1125-1.jpg\",\"datePublished\":\"2020-06-23T15:19:16+00:00\",\"dateModified\":\"2020-10-27T13:46:20+00:00\",\"breadcrumb\":{\"@id\":\"https:\/\/www.lecontinental.net\/es\/condiciones-generales\/#breadcrumb\"},\"inLanguage\":\"es\",\"potentialAction\":[{\"@type\":\"ReadAction\",\"target\":[\"https:\/\/www.lecontinental.net\/es\/condiciones-generales\/\"]}]},{\"@type\":\"ImageObject\",\"inLanguage\":\"es\",\"@id\":\"https:\/\/www.lecontinental.net\/es\/condiciones-generales\/#primaryimage\",\"url\":\"https:\/\/www.lecontinental.net\/wp-content\/uploads\/2020\/06\/infralist-com-UOiNcIb6IWQ-unsplash-2000x1125-1.jpg\",\"contentUrl\":\"https:\/\/www.lecontinental.net\/wp-content\/uploads\/2020\/06\/infralist-com-UOiNcIb6IWQ-unsplash-2000x1125-1.jpg\",\"width\":2000,\"height\":1125},{\"@type\":\"BreadcrumbList\",\"@id\":\"https:\/\/www.lecontinental.net\/es\/condiciones-generales\/#breadcrumb\",\"itemListElement\":[{\"@type\":\"ListItem\",\"position\":1,\"name\":\"Accueil\",\"item\":\"https:\/\/www.lecontinental.net\/es\/\"},{\"@type\":\"ListItem\",\"position\":2,\"name\":\"Condiciones generales\"}]},{\"@type\":\"WebSite\",\"@id\":\"https:\/\/www.lecontinental.net\/es\/#website\",\"url\":\"https:\/\/www.lecontinental.net\/es\/\",\"name\":\"H\u00f4tel restaurant Le Continental\",\"description\":\"Hotel restaurant Condom Gers\",\"publisher\":{\"@id\":\"https:\/\/www.lecontinental.net\/es\/#organization\"},\"potentialAction\":[{\"@type\":\"SearchAction\",\"target\":{\"@type\":\"EntryPoint\",\"urlTemplate\":\"https:\/\/www.lecontinental.net\/es\/?s={search_term_string}\"},\"query-input\":{\"@type\":\"PropertyValueSpecification\",\"valueRequired\":true,\"valueName\":\"search_term_string\"}}],\"inLanguage\":\"es\"},{\"@type\":\"Organization\",\"@id\":\"https:\/\/www.lecontinental.net\/es\/#organization\",\"name\":\"H\u00f4tel restaurant Le Continental\",\"url\":\"https:\/\/www.lecontinental.net\/es\/\",\"logo\":{\"@type\":\"ImageObject\",\"inLanguage\":\"es\",\"@id\":\"https:\/\/www.lecontinental.net\/es\/#\/schema\/logo\/image\/\",\"url\":\"https:\/\/www.lecontinental.net\/wp-content\/uploads\/2020\/05\/cropped-logo-white-185x120-1.png\",\"contentUrl\":\"https:\/\/www.lecontinental.net\/wp-content\/uploads\/2020\/05\/cropped-logo-white-185x120-1.png\",\"width\":185,\"height\":120,\"caption\":\"H\u00f4tel restaurant Le Continental\"},\"image\":{\"@id\":\"https:\/\/www.lecontinental.net\/es\/#\/schema\/logo\/image\/\"}}]}<\/script>\n<!-- \/ Yoast SEO plugin. -->","yoast_head_json":{"title":"Condiciones generales - H\u00f4tel restaurant Le Continental","robots":{"index":"index","follow":"follow","max-snippet":"max-snippet:-1","max-image-preview":"max-image-preview:large","max-video-preview":"max-video-preview:-1"},"canonical":"https:\/\/www.lecontinental.net\/es\/condiciones-generales\/","og_locale":"es_ES","og_type":"article","og_title":"Condiciones generales - H\u00f4tel restaurant Le Continental","og_description":"Estaremos encantados de darle la bienvenida y le explicamos a continuaci\u00f3n las normas de funcionamiento del hotel para la comodidad y satisfacci\u00f3n de todos. Las habitaciones [\u2026]","og_url":"https:\/\/www.lecontinental.net\/es\/condiciones-generales\/","og_site_name":"H\u00f4tel restaurant Le Continental","article_modified_time":"2020-10-27T13:46:20+00:00","og_image":[{"width":2000,"height":1125,"url":"https:\/\/www.lecontinental.net\/wp-content\/uploads\/2020\/06\/infralist-com-UOiNcIb6IWQ-unsplash-2000x1125-1.jpg","type":"image\/jpeg"}],"twitter_card":"summary_large_image","twitter_misc":{"Tiempo de lectura":"1 minuto"},"schema":{"@context":"https:\/\/schema.org","@graph":[{"@type":"WebPage","@id":"https:\/\/www.lecontinental.net\/es\/condiciones-generales\/","url":"https:\/\/www.lecontinental.net\/es\/condiciones-generales\/","name":"Condiciones generales - H\u00f4tel restaurant Le Continental","isPartOf":{"@id":"https:\/\/www.lecontinental.net\/es\/#website"},"primaryImageOfPage":{"@id":"https:\/\/www.lecontinental.net\/es\/condiciones-generales\/#primaryimage"},"image":{"@id":"https:\/\/www.lecontinental.net\/es\/condiciones-generales\/#primaryimage"},"thumbnailUrl":"https:\/\/www.lecontinental.net\/wp-content\/uploads\/2020\/06\/infralist-com-UOiNcIb6IWQ-unsplash-2000x1125-1.jpg","datePublished":"2020-06-23T15:19:16+00:00","dateModified":"2020-10-27T13:46:20+00:00","breadcrumb":{"@id":"https:\/\/www.lecontinental.net\/es\/condiciones-generales\/#breadcrumb"},"inLanguage":"es","potentialAction":[{"@type":"ReadAction","target":["https:\/\/www.lecontinental.net\/es\/condiciones-generales\/"]}]},{"@type":"ImageObject","inLanguage":"es","@id":"https:\/\/www.lecontinental.net\/es\/condiciones-generales\/#primaryimage","url":"https:\/\/www.lecontinental.net\/wp-content\/uploads\/2020\/06\/infralist-com-UOiNcIb6IWQ-unsplash-2000x1125-1.jpg","contentUrl":"https:\/\/www.lecontinental.net\/wp-content\/uploads\/2020\/06\/infralist-com-UOiNcIb6IWQ-unsplash-2000x1125-1.jpg","width":2000,"height":1125},{"@type":"BreadcrumbList","@id":"https:\/\/www.lecontinental.net\/es\/condiciones-generales\/#breadcrumb","itemListElement":[{"@type":"ListItem","position":1,"name":"Accueil","item":"https:\/\/www.lecontinental.net\/es\/"},{"@type":"ListItem","position":2,"name":"Condiciones generales"}]},{"@type":"WebSite","@id":"https:\/\/www.lecontinental.net\/es\/#website","url":"https:\/\/www.lecontinental.net\/es\/","name":"H\u00f4tel restaurant Le Continental","description":"Hotel restaurant Condom Gers","publisher":{"@id":"https:\/\/www.lecontinental.net\/es\/#organization"},"potentialAction":[{"@type":"SearchAction","target":{"@type":"EntryPoint","urlTemplate":"https:\/\/www.lecontinental.net\/es\/?s={search_term_string}"},"query-input":{"@type":"PropertyValueSpecification","valueRequired":true,"valueName":"search_term_string"}}],"inLanguage":"es"},{"@type":"Organization","@id":"https:\/\/www.lecontinental.net\/es\/#organization","name":"H\u00f4tel restaurant Le Continental","url":"https:\/\/www.lecontinental.net\/es\/","logo":{"@type":"ImageObject","inLanguage":"es","@id":"https:\/\/www.lecontinental.net\/es\/#\/schema\/logo\/image\/","url":"https:\/\/www.lecontinental.net\/wp-content\/uploads\/2020\/05\/cropped-logo-white-185x120-1.png","contentUrl":"https:\/\/www.lecontinental.net\/wp-content\/uploads\/2020\/05\/cropped-logo-white-185x120-1.png","width":185,"height":120,"caption":"H\u00f4tel restaurant Le Continental"},"image":{"@id":"https:\/\/www.lecontinental.net\/es\/#\/schema\/logo\/image\/"}}]}},"_links":{"self":[{"href":"https:\/\/www.lecontinental.net\/es\/wp-json\/wp\/v2\/pages\/5949","targetHints":{"allow":["GET"]}}],"collection":[{"href":"https:\/\/www.lecontinental.net\/es\/wp-json\/wp\/v2\/pages"}],"about":[{"href":"https:\/\/www.lecontinental.net\/es\/wp-json\/wp\/v2\/types\/page"}],"author":[{"embeddable":true,"href":"https:\/\/www.lecontinental.net\/es\/wp-json\/wp\/v2\/users\/3"}],"replies":[{"embeddable":true,"href":"https:\/\/www.lecontinental.net\/es\/wp-json\/wp\/v2\/comments?post=5949"}],"version-history":[{"count":7,"href":"https:\/\/www.lecontinental.net\/es\/wp-json\/wp\/v2\/pages\/5949\/revisions"}],"predecessor-version":[{"id":7097,"href":"https:\/\/www.lecontinental.net\/es\/wp-json\/wp\/v2\/pages\/5949\/revisions\/7097"}],"wp:featuredmedia":[{"embeddable":true,"href":"https:\/\/www.lecontinental.net\/es\/wp-json\/wp\/v2\/media\/5358"}],"wp:attachment":[{"href":"https:\/\/www.lecontinental.net\/es\/wp-json\/wp\/v2\/media?parent=5949"}],"curies":[{"name":"wp","href":"https:\/\/api.w.org\/{rel}","templated":true}]}}