{"id":5970,"date":"2020-06-24T09:17:38","date_gmt":"2020-06-24T07:17:38","guid":{"rendered":"http:\/\/www.lecontinental.net\/?page_id=5970"},"modified":"2020-06-26T17:47:12","modified_gmt":"2020-06-26T15:47:12","slug":"credits-2","status":"publish","type":"page","link":"https:\/\/www.lecontinental.net\/en\/credits-2\/","title":{"rendered":"Credits"},"content":{"rendered":"\t\t<div data-elementor-type=\"wp-page\" data-elementor-id=\"5970\" class=\"elementor elementor-5970 elementor-446\" data-elementor-post-type=\"page\">\n\t\t\t\t\t\t<section class=\"elementor-section elementor-top-section elementor-element elementor-element-833ecff elementor-section-stretched elementor-section-height-min-height elementor-section-boxed elementor-section-height-default elementor-section-items-middle\" data-id=\"833ecff\" data-element_type=\"section\" data-e-type=\"section\" data-settings=\"{&quot;stretch_section&quot;:&quot;section-stretched&quot;}\">\n\t\t\t\t\t\t\t<div class=\"elementor-background-overlay\"><\/div>\n\t\t\t\t\t\t\t<div class=\"elementor-container elementor-column-gap-no\">\n\t\t\t\t\t<div class=\"elementor-column elementor-col-100 elementor-top-column elementor-element elementor-element-8c1b26c\" data-id=\"8c1b26c\" data-element_type=\"column\" data-e-type=\"column\">\n\t\t\t<div class=\"elementor-widget-wrap elementor-element-populated\">\n\t\t\t\t\t\t<div class=\"elementor-element elementor-element-6348d6d elementor-widget elementor-widget-spacer\" data-id=\"6348d6d\" data-element_type=\"widget\" data-e-type=\"widget\" data-widget_type=\"spacer.default\">\n\t\t\t\t<div class=\"elementor-widget-container\">\n\t\t\t\t\t\t\t<div class=\"elementor-spacer\">\n\t\t\t<div class=\"elementor-spacer-inner\"><\/div>\n\t\t<\/div>\n\t\t\t\t\t\t<\/div>\n\t\t\t\t<\/div>\n\t\t\t\t<section class=\"elementor-section elementor-inner-section elementor-element elementor-element-3ba367a elementor-section-boxed elementor-section-height-default elementor-section-height-default\" data-id=\"3ba367a\" data-element_type=\"section\" data-e-type=\"section\">\n\t\t\t\t\t\t<div class=\"elementor-container elementor-column-gap-default\">\n\t\t\t\t\t<div class=\"elementor-column elementor-col-100 elementor-inner-column elementor-element elementor-element-cd682b2\" data-id=\"cd682b2\" data-element_type=\"column\" data-e-type=\"column\">\n\t\t\t<div class=\"elementor-widget-wrap elementor-element-populated\">\n\t\t\t\t\t\t<div class=\"elementor-element elementor-element-3bd2119 elementor-widget elementor-widget-heading\" data-id=\"3bd2119\" data-element_type=\"widget\" data-e-type=\"widget\" data-widget_type=\"heading.default\">\n\t\t\t\t<div class=\"elementor-widget-container\">\n\t\t\t\t\t<h3 class=\"elementor-heading-title elementor-size-default\">Publication of the site<\/h3>\t\t\t\t<\/div>\n\t\t\t\t<\/div>\n\t\t\t\t<div class=\"elementor-element elementor-element-75c4ab0 elementor-widget elementor-widget-text-editor\" data-id=\"75c4ab0\" data-element_type=\"widget\" data-e-type=\"widget\" data-widget_type=\"text-editor.default\">\n\t\t\t\t<div class=\"elementor-widget-container\">\n\t\t\t\t\t\t\t\t\t<p>M. LEBBE &#8211; H\u00f4tel Continental<br \/>20 rue Mar\u00e9chal Foch 32100 Condom<br \/>SARL with the share capital of 30 000 Euros &#8211; Siret : 435 076 757 00010 &#8211; R.C.S. : 435 076 757 &#8211; Management number : 2001 B 82<br \/>TVA Intra-community : FR 29 435 076 757<\/p>\n\t\t\t\t\t\t\t\t<\/div>\n\t\t\t\t<\/div>\n\t\t\t\t<div class=\"elementor-element elementor-element-300b66f elementor-widget elementor-widget-spacer\" data-id=\"300b66f\" data-element_type=\"widget\" data-e-type=\"widget\" data-widget_type=\"spacer.default\">\n\t\t\t\t<div class=\"elementor-widget-container\">\n\t\t\t\t\t\t\t<div class=\"elementor-spacer\">\n\t\t\t<div class=\"elementor-spacer-inner\"><\/div>\n\t\t<\/div>\n\t\t\t\t\t\t<\/div>\n\t\t\t\t<\/div>\n\t\t\t\t\t<\/div>\n\t\t<\/div>\n\t\t\t\t\t<\/div>\n\t\t<\/section>\n\t\t\t\t<section class=\"elementor-section elementor-inner-section elementor-element elementor-element-2fcf667 elementor-section-boxed elementor-section-height-default elementor-section-height-default\" data-id=\"2fcf667\" data-element_type=\"section\" data-e-type=\"section\">\n\t\t\t\t\t\t<div class=\"elementor-container elementor-column-gap-default\">\n\t\t\t\t\t<div class=\"elementor-column elementor-col-100 elementor-inner-column elementor-element elementor-element-991e3d8\" data-id=\"991e3d8\" data-element_type=\"column\" data-e-type=\"column\">\n\t\t\t<div class=\"elementor-widget-wrap elementor-element-populated\">\n\t\t\t\t\t\t<div class=\"elementor-element elementor-element-d67c7cc elementor-widget elementor-widget-heading\" data-id=\"d67c7cc\" data-element_type=\"widget\" data-e-type=\"widget\" data-widget_type=\"heading.default\">\n\t\t\t\t<div class=\"elementor-widget-container\">\n\t\t\t\t\t<h3 class=\"elementor-heading-title elementor-size-default\">Design, maintenance and referencing<\/h3>\t\t\t\t<\/div>\n\t\t\t\t<\/div>\n\t\t\t\t<div class=\"elementor-element elementor-element-657a3e5 elementor-widget elementor-widget-text-editor\" data-id=\"657a3e5\" data-element_type=\"widget\" data-e-type=\"widget\" data-widget_type=\"text-editor.default\">\n\t\t\t\t<div class=\"elementor-widget-container\">\n\t\t\t\t\t\t\t\t\t<p>SARL J&#8217;NOV &#8211; Website creation and individualized training agency in Fleurance<br \/>Responsible : Jean-Fran\u00e7ois JOUET \/ T\u00e9l. : 05 62 06 03 91 \/ Website :<a href=\"http:\/\/www.lecontinental.net\/credits\/www.jnov.fr\" target=\"_blank\" rel=\"noopener\"> www.jnov.fr<\/a><\/p>\n\t\t\t\t\t\t\t\t<\/div>\n\t\t\t\t<\/div>\n\t\t\t\t<div class=\"elementor-element elementor-element-1db2a9f elementor-widget elementor-widget-spacer\" data-id=\"1db2a9f\" data-element_type=\"widget\" data-e-type=\"widget\" data-widget_type=\"spacer.default\">\n\t\t\t\t<div class=\"elementor-widget-container\">\n\t\t\t\t\t\t\t<div class=\"elementor-spacer\">\n\t\t\t<div class=\"elementor-spacer-inner\"><\/div>\n\t\t<\/div>\n\t\t\t\t\t\t<\/div>\n\t\t\t\t<\/div>\n\t\t\t\t\t<\/div>\n\t\t<\/div>\n\t\t\t\t\t<\/div>\n\t\t<\/section>\n\t\t\t\t<section class=\"elementor-section elementor-inner-section elementor-element elementor-element-1574984 elementor-section-boxed elementor-section-height-default elementor-section-height-default\" data-id=\"1574984\" data-element_type=\"section\" data-e-type=\"section\">\n\t\t\t\t\t\t<div class=\"elementor-container elementor-column-gap-default\">\n\t\t\t\t\t<div class=\"elementor-column elementor-col-100 elementor-inner-column elementor-element elementor-element-2c3ec59\" data-id=\"2c3ec59\" data-element_type=\"column\" data-e-type=\"column\">\n\t\t\t<div class=\"elementor-widget-wrap elementor-element-populated\">\n\t\t\t\t\t\t<div class=\"elementor-element elementor-element-3d25580 elementor-widget elementor-widget-heading\" data-id=\"3d25580\" data-element_type=\"widget\" data-e-type=\"widget\" data-widget_type=\"heading.default\">\n\t\t\t\t<div class=\"elementor-widget-container\">\n\t\t\t\t\t<h3 class=\"elementor-heading-title elementor-size-default\">Web hosting<\/h3>\t\t\t\t<\/div>\n\t\t\t\t<\/div>\n\t\t\t\t<div class=\"elementor-element elementor-element-d96ffd9 elementor-widget elementor-widget-text-editor\" data-id=\"d96ffd9\" data-element_type=\"widget\" data-e-type=\"widget\" data-widget_type=\"text-editor.default\">\n\t\t\t\t<div class=\"elementor-widget-container\">\n\t\t\t\t\t\t\t\t\t<p>o2switch<\/p>\n\t\t\t\t\t\t\t\t<\/div>\n\t\t\t\t<\/div>\n\t\t\t\t<div class=\"elementor-element elementor-element-64383b0 elementor-widget elementor-widget-spacer\" data-id=\"64383b0\" data-element_type=\"widget\" data-e-type=\"widget\" data-widget_type=\"spacer.default\">\n\t\t\t\t<div class=\"elementor-widget-container\">\n\t\t\t\t\t\t\t<div class=\"elementor-spacer\">\n\t\t\t<div class=\"elementor-spacer-inner\"><\/div>\n\t\t<\/div>\n\t\t\t\t\t\t<\/div>\n\t\t\t\t<\/div>\n\t\t\t\t\t<\/div>\n\t\t<\/div>\n\t\t\t\t\t<\/div>\n\t\t<\/section>\n\t\t\t\t<section class=\"elementor-section elementor-inner-section elementor-element elementor-element-94772bd elementor-section-boxed elementor-section-height-default elementor-section-height-default\" data-id=\"94772bd\" data-element_type=\"section\" data-e-type=\"section\">\n\t\t\t\t\t\t<div class=\"elementor-container elementor-column-gap-default\">\n\t\t\t\t\t<div class=\"elementor-column elementor-col-100 elementor-inner-column elementor-element elementor-element-e69cd8f\" data-id=\"e69cd8f\" data-element_type=\"column\" data-e-type=\"column\">\n\t\t\t<div class=\"elementor-widget-wrap elementor-element-populated\">\n\t\t\t\t\t\t<div class=\"elementor-element elementor-element-c4822f6 elementor-widget elementor-widget-heading\" data-id=\"c4822f6\" data-element_type=\"widget\" data-e-type=\"widget\" data-widget_type=\"heading.default\">\n\t\t\t\t<div class=\"elementor-widget-container\">\n\t\t\t\t\t<h3 class=\"elementor-heading-title elementor-size-default\">Pictures<\/h3>\t\t\t\t<\/div>\n\t\t\t\t<\/div>\n\t\t\t\t<div class=\"elementor-element elementor-element-4e9f08d elementor-widget elementor-widget-text-editor\" data-id=\"4e9f08d\" data-element_type=\"widget\" data-e-type=\"widget\" data-widget_type=\"text-editor.default\">\n\t\t\t\t<div class=\"elementor-widget-container\">\n\t\t\t\t\t\t\t\t\t<p>H\u00f4tel Continental<br \/>Thierry Randonnet<br \/>Christine Cayr\u00e9<br \/>Markus Winkler on Unsplash<br \/>NeONBRAND on Unsplash<br \/>Zola Zhou on Unsplash<br \/>Mikael Stenberg on Unsplash<br \/>Karl Fredrickson on Unsplash<br \/>Pawe\u0142 Czerwi\u0144ski on Unsplash<br \/>Alex Litvin on Unsplash<br \/>Alberto Bigoni on Unsplash<br \/>Chris Abney on Unsplash<br \/><a href=\"https:\/\/www.freepik.com\/free-photos-vectors\/background\" target=\"_blank\" rel=\"noopener\">Background photo created by freepik &#8211; www.freepik.com<\/a><\/p>\n\t\t\t\t\t\t\t\t<\/div>\n\t\t\t\t<\/div>\n\t\t\t\t<div class=\"elementor-element elementor-element-f0bd22f elementor-widget elementor-widget-spacer\" data-id=\"f0bd22f\" data-element_type=\"widget\" data-e-type=\"widget\" data-widget_type=\"spacer.default\">\n\t\t\t\t<div class=\"elementor-widget-container\">\n\t\t\t\t\t\t\t<div class=\"elementor-spacer\">\n\t\t\t<div class=\"elementor-spacer-inner\"><\/div>\n\t\t<\/div>\n\t\t\t\t\t\t<\/div>\n\t\t\t\t<\/div>\n\t\t\t\t\t<\/div>\n\t\t<\/div>\n\t\t\t\t\t<\/div>\n\t\t<\/section>\n\t\t\t\t<section class=\"elementor-section elementor-inner-section elementor-element elementor-element-daa6a25 elementor-section-boxed elementor-section-height-default elementor-section-height-default\" data-id=\"daa6a25\" data-element_type=\"section\" data-e-type=\"section\">\n\t\t\t\t\t\t<div class=\"elementor-container elementor-column-gap-default\">\n\t\t\t\t\t<div class=\"elementor-column elementor-col-100 elementor-inner-column elementor-element elementor-element-3736c31\" data-id=\"3736c31\" data-element_type=\"column\" data-e-type=\"column\">\n\t\t\t<div class=\"elementor-widget-wrap elementor-element-populated\">\n\t\t\t\t\t\t<div class=\"elementor-element elementor-element-48f4a74 elementor-widget elementor-widget-heading\" data-id=\"48f4a74\" data-element_type=\"widget\" data-e-type=\"widget\" data-widget_type=\"heading.default\">\n\t\t\t\t<div class=\"elementor-widget-container\">\n\t\t\t\t\t<h3 class=\"elementor-heading-title elementor-size-default\">Icons<\/h3>\t\t\t\t<\/div>\n\t\t\t\t<\/div>\n\t\t\t\t<div class=\"elementor-element elementor-element-1281c6d elementor-widget elementor-widget-text-editor\" data-id=\"1281c6d\" data-element_type=\"widget\" data-e-type=\"widget\" data-widget_type=\"text-editor.default\">\n\t\t\t\t<div class=\"elementor-widget-container\">\n\t\t\t\t\t\t\t\t\t<p>Icons made by <a title=\"Roundicons\" href=\"https:\/\/www.flaticon.com\/authors\/roundicons\">Roundicons<\/a> from <a title=\"Flaticon\" href=\"https:\/\/www.flaticon.com\/\" target=\"_blank\" rel=\"noopener\">www.flaticon.com<\/a><\/p>\n\t\t\t\t\t\t\t\t<\/div>\n\t\t\t\t<\/div>\n\t\t\t\t<div class=\"elementor-element elementor-element-01a262c elementor-widget elementor-widget-spacer\" data-id=\"01a262c\" data-element_type=\"widget\" data-e-type=\"widget\" data-widget_type=\"spacer.default\">\n\t\t\t\t<div class=\"elementor-widget-container\">\n\t\t\t\t\t\t\t<div class=\"elementor-spacer\">\n\t\t\t<div class=\"elementor-spacer-inner\"><\/div>\n\t\t<\/div>\n\t\t\t\t\t\t<\/div>\n\t\t\t\t<\/div>\n\t\t\t\t\t<\/div>\n\t\t<\/div>\n\t\t\t\t\t<\/div>\n\t\t<\/section>\n\t\t\t\t\t<\/div>\n\t\t<\/div>\n\t\t\t\t\t<\/div>\n\t\t<\/section>\n\t\t\t\t<\/div>\n\t\t","protected":false},"excerpt":{"rendered":"<p>Publication of the site M. LEBBE &#8211; H\u00f4tel Continental20 rue Mar\u00e9chal Foch 32100 CondomSARL with the share capital of 30 000 Euros &#8211; Siret : 435<span class=\"excerpt-hellip\"> [\u2026]<\/span><\/p>\n","protected":false},"author":3,"featured_media":7120,"parent":0,"menu_order":0,"comment_status":"closed","ping_status":"closed","template":"elementor_header_footer","meta":{"footnotes":""},"class_list":["post-5970","page","type-page","status-publish","has-post-thumbnail","hentry"],"yoast_head":"<!-- This site is optimized with the Yoast SEO plugin v27.0 - https:\/\/yoast.com\/product\/yoast-seo-wordpress\/ -->\n<title>Credits - H\u00f4tel restaurant Le Continental<\/title>\n<meta name=\"robots\" content=\"index, follow, max-snippet:-1, max-image-preview:large, max-video-preview:-1\" \/>\n<link rel=\"canonical\" href=\"https:\/\/www.lecontinental.net\/en\/credits-2\/\" \/>\n<meta property=\"og:locale\" content=\"en_US\" \/>\n<meta property=\"og:type\" content=\"article\" \/>\n<meta property=\"og:title\" content=\"Credits - H\u00f4tel restaurant Le Continental\" \/>\n<meta property=\"og:description\" content=\"Publication of the site M. LEBBE &#8211; H\u00f4tel Continental20 rue Mar\u00e9chal Foch 32100 CondomSARL with the share capital of 30 000 Euros &#8211; Siret : 435 [\u2026]\" \/>\n<meta property=\"og:url\" content=\"https:\/\/www.lecontinental.net\/en\/credits-2\/\" \/>\n<meta property=\"og:site_name\" content=\"H\u00f4tel restaurant Le Continental\" \/>\n<meta property=\"article:modified_time\" content=\"2020-06-26T15:47:12+00:00\" \/>\n<meta property=\"og:image\" content=\"https:\/\/www.lecontinental.net\/wp-content\/uploads\/2020\/11\/notepad-3316997_1920.jpg\" \/>\n\t<meta property=\"og:image:width\" content=\"1920\" \/>\n\t<meta property=\"og:image:height\" content=\"1357\" \/>\n\t<meta property=\"og:image:type\" content=\"image\/jpeg\" \/>\n<meta name=\"twitter:card\" content=\"summary_large_image\" \/>\n<meta name=\"twitter:label1\" content=\"Est. reading time\" \/>\n\t<meta name=\"twitter:data1\" content=\"1 minute\" \/>\n<script type=\"application\/ld+json\" class=\"yoast-schema-graph\">{\"@context\":\"https:\/\/schema.org\",\"@graph\":[{\"@type\":\"WebPage\",\"@id\":\"https:\/\/www.lecontinental.net\/en\/credits-2\/\",\"url\":\"https:\/\/www.lecontinental.net\/en\/credits-2\/\",\"name\":\"Credits - H\u00f4tel restaurant Le Continental\",\"isPartOf\":{\"@id\":\"https:\/\/www.lecontinental.net\/en\/#website\"},\"primaryImageOfPage\":{\"@id\":\"https:\/\/www.lecontinental.net\/en\/credits-2\/#primaryimage\"},\"image\":{\"@id\":\"https:\/\/www.lecontinental.net\/en\/credits-2\/#primaryimage\"},\"thumbnailUrl\":\"https:\/\/www.lecontinental.net\/wp-content\/uploads\/2020\/11\/notepad-3316997_1920.jpg\",\"datePublished\":\"2020-06-24T07:17:38+00:00\",\"dateModified\":\"2020-06-26T15:47:12+00:00\",\"breadcrumb\":{\"@id\":\"https:\/\/www.lecontinental.net\/en\/credits-2\/#breadcrumb\"},\"inLanguage\":\"en-US\",\"potentialAction\":[{\"@type\":\"ReadAction\",\"target\":[\"https:\/\/www.lecontinental.net\/en\/credits-2\/\"]}]},{\"@type\":\"ImageObject\",\"inLanguage\":\"en-US\",\"@id\":\"https:\/\/www.lecontinental.net\/en\/credits-2\/#primaryimage\",\"url\":\"https:\/\/www.lecontinental.net\/wp-content\/uploads\/2020\/11\/notepad-3316997_1920.jpg\",\"contentUrl\":\"https:\/\/www.lecontinental.net\/wp-content\/uploads\/2020\/11\/notepad-3316997_1920.jpg\",\"width\":1920,\"height\":1357,\"caption\":\"Contact continental restaurant gers\"},{\"@type\":\"BreadcrumbList\",\"@id\":\"https:\/\/www.lecontinental.net\/en\/credits-2\/#breadcrumb\",\"itemListElement\":[{\"@type\":\"ListItem\",\"position\":1,\"name\":\"Accueil\",\"item\":\"https:\/\/www.lecontinental.net\/en\/\"},{\"@type\":\"ListItem\",\"position\":2,\"name\":\"Credits\"}]},{\"@type\":\"WebSite\",\"@id\":\"https:\/\/www.lecontinental.net\/en\/#website\",\"url\":\"https:\/\/www.lecontinental.net\/en\/\",\"name\":\"H\u00f4tel restaurant Le Continental\",\"description\":\"Hotel restaurant Condom Gers\",\"publisher\":{\"@id\":\"https:\/\/www.lecontinental.net\/en\/#organization\"},\"potentialAction\":[{\"@type\":\"SearchAction\",\"target\":{\"@type\":\"EntryPoint\",\"urlTemplate\":\"https:\/\/www.lecontinental.net\/en\/?s={search_term_string}\"},\"query-input\":{\"@type\":\"PropertyValueSpecification\",\"valueRequired\":true,\"valueName\":\"search_term_string\"}}],\"inLanguage\":\"en-US\"},{\"@type\":\"Organization\",\"@id\":\"https:\/\/www.lecontinental.net\/en\/#organization\",\"name\":\"H\u00f4tel restaurant Le Continental\",\"url\":\"https:\/\/www.lecontinental.net\/en\/\",\"logo\":{\"@type\":\"ImageObject\",\"inLanguage\":\"en-US\",\"@id\":\"https:\/\/www.lecontinental.net\/en\/#\/schema\/logo\/image\/\",\"url\":\"https:\/\/www.lecontinental.net\/wp-content\/uploads\/2020\/05\/cropped-logo-white-185x120-1.png\",\"contentUrl\":\"https:\/\/www.lecontinental.net\/wp-content\/uploads\/2020\/05\/cropped-logo-white-185x120-1.png\",\"width\":185,\"height\":120,\"caption\":\"H\u00f4tel restaurant Le Continental\"},\"image\":{\"@id\":\"https:\/\/www.lecontinental.net\/en\/#\/schema\/logo\/image\/\"}}]}<\/script>\n<!-- \/ Yoast SEO plugin. -->","yoast_head_json":{"title":"Credits - H\u00f4tel restaurant Le Continental","robots":{"index":"index","follow":"follow","max-snippet":"max-snippet:-1","max-image-preview":"max-image-preview:large","max-video-preview":"max-video-preview:-1"},"canonical":"https:\/\/www.lecontinental.net\/en\/credits-2\/","og_locale":"en_US","og_type":"article","og_title":"Credits - H\u00f4tel restaurant Le Continental","og_description":"Publication of the site M. LEBBE &#8211; H\u00f4tel Continental20 rue Mar\u00e9chal Foch 32100 CondomSARL with the share capital of 30 000 Euros &#8211; Siret : 435 [\u2026]","og_url":"https:\/\/www.lecontinental.net\/en\/credits-2\/","og_site_name":"H\u00f4tel restaurant Le Continental","article_modified_time":"2020-06-26T15:47:12+00:00","og_image":[{"width":1920,"height":1357,"url":"https:\/\/www.lecontinental.net\/wp-content\/uploads\/2020\/11\/notepad-3316997_1920.jpg","type":"image\/jpeg"}],"twitter_card":"summary_large_image","twitter_misc":{"Est. reading time":"1 minute"},"schema":{"@context":"https:\/\/schema.org","@graph":[{"@type":"WebPage","@id":"https:\/\/www.lecontinental.net\/en\/credits-2\/","url":"https:\/\/www.lecontinental.net\/en\/credits-2\/","name":"Credits - H\u00f4tel restaurant Le Continental","isPartOf":{"@id":"https:\/\/www.lecontinental.net\/en\/#website"},"primaryImageOfPage":{"@id":"https:\/\/www.lecontinental.net\/en\/credits-2\/#primaryimage"},"image":{"@id":"https:\/\/www.lecontinental.net\/en\/credits-2\/#primaryimage"},"thumbnailUrl":"https:\/\/www.lecontinental.net\/wp-content\/uploads\/2020\/11\/notepad-3316997_1920.jpg","datePublished":"2020-06-24T07:17:38+00:00","dateModified":"2020-06-26T15:47:12+00:00","breadcrumb":{"@id":"https:\/\/www.lecontinental.net\/en\/credits-2\/#breadcrumb"},"inLanguage":"en-US","potentialAction":[{"@type":"ReadAction","target":["https:\/\/www.lecontinental.net\/en\/credits-2\/"]}]},{"@type":"ImageObject","inLanguage":"en-US","@id":"https:\/\/www.lecontinental.net\/en\/credits-2\/#primaryimage","url":"https:\/\/www.lecontinental.net\/wp-content\/uploads\/2020\/11\/notepad-3316997_1920.jpg","contentUrl":"https:\/\/www.lecontinental.net\/wp-content\/uploads\/2020\/11\/notepad-3316997_1920.jpg","width":1920,"height":1357,"caption":"Contact continental restaurant gers"},{"@type":"BreadcrumbList","@id":"https:\/\/www.lecontinental.net\/en\/credits-2\/#breadcrumb","itemListElement":[{"@type":"ListItem","position":1,"name":"Accueil","item":"https:\/\/www.lecontinental.net\/en\/"},{"@type":"ListItem","position":2,"name":"Credits"}]},{"@type":"WebSite","@id":"https:\/\/www.lecontinental.net\/en\/#website","url":"https:\/\/www.lecontinental.net\/en\/","name":"H\u00f4tel restaurant Le Continental","description":"Hotel restaurant Condom Gers","publisher":{"@id":"https:\/\/www.lecontinental.net\/en\/#organization"},"potentialAction":[{"@type":"SearchAction","target":{"@type":"EntryPoint","urlTemplate":"https:\/\/www.lecontinental.net\/en\/?s={search_term_string}"},"query-input":{"@type":"PropertyValueSpecification","valueRequired":true,"valueName":"search_term_string"}}],"inLanguage":"en-US"},{"@type":"Organization","@id":"https:\/\/www.lecontinental.net\/en\/#organization","name":"H\u00f4tel restaurant Le Continental","url":"https:\/\/www.lecontinental.net\/en\/","logo":{"@type":"ImageObject","inLanguage":"en-US","@id":"https:\/\/www.lecontinental.net\/en\/#\/schema\/logo\/image\/","url":"https:\/\/www.lecontinental.net\/wp-content\/uploads\/2020\/05\/cropped-logo-white-185x120-1.png","contentUrl":"https:\/\/www.lecontinental.net\/wp-content\/uploads\/2020\/05\/cropped-logo-white-185x120-1.png","width":185,"height":120,"caption":"H\u00f4tel restaurant Le Continental"},"image":{"@id":"https:\/\/www.lecontinental.net\/en\/#\/schema\/logo\/image\/"}}]}},"_links":{"self":[{"href":"https:\/\/www.lecontinental.net\/en\/wp-json\/wp\/v2\/pages\/5970","targetHints":{"allow":["GET"]}}],"collection":[{"href":"https:\/\/www.lecontinental.net\/en\/wp-json\/wp\/v2\/pages"}],"about":[{"href":"https:\/\/www.lecontinental.net\/en\/wp-json\/wp\/v2\/types\/page"}],"author":[{"embeddable":true,"href":"https:\/\/www.lecontinental.net\/en\/wp-json\/wp\/v2\/users\/3"}],"replies":[{"embeddable":true,"href":"https:\/\/www.lecontinental.net\/en\/wp-json\/wp\/v2\/comments?post=5970"}],"version-history":[{"count":10,"href":"https:\/\/www.lecontinental.net\/en\/wp-json\/wp\/v2\/pages\/5970\/revisions"}],"predecessor-version":[{"id":5997,"href":"https:\/\/www.lecontinental.net\/en\/wp-json\/wp\/v2\/pages\/5970\/revisions\/5997"}],"wp:featuredmedia":[{"embeddable":true,"href":"https:\/\/www.lecontinental.net\/en\/wp-json\/wp\/v2\/media\/7120"}],"wp:attachment":[{"href":"https:\/\/www.lecontinental.net\/en\/wp-json\/wp\/v2\/media?parent=5970"}],"curies":[{"name":"wp","href":"https:\/\/api.w.org\/{rel}","templated":true}]}}